{"id":21,"date":"2023-01-03T21:58:54","date_gmt":"2023-01-03T20:58:54","guid":{"rendered":"https:\/\/autoelektroholzknecht.cz\/?page_id=21"},"modified":"2023-01-03T21:58:54","modified_gmt":"2023-01-03T20:58:54","slug":"opravy-starteru","status":"publish","type":"page","link":"https:\/\/autoelektroholzknecht.cz\/index.php\/opravy-starteru\/","title":{"rendered":"Opravy start\u00e9r\u016f"},"content":{"rendered":"\n<p>Start\u00e9r pova\u017eujeme za d\u016fle\u017eitou sou\u010d\u00e1st automobilu. Ji\u017e mnoho motorist\u016f probl\u00e9m se start\u00e9rem potr\u00e1pil.<\/p>\n\n\n\n<p>Nej\u010dast\u011bj\u0161\u00ed z\u00e1vadou b\u00fdvaj\u00ed opot\u0159ebovan\u00e9 uhl\u00edky, kluzn\u00e1 lo\u017eiska a prokluzuj\u00edc\u00ed volnob\u011b\u017eka. Z toho tak\u00e9 vypl\u00fdv\u00e1 nutnost tyto opot\u0159ebiteln\u00e9 d\u00edly v\u017edy vym\u011bnit i kdy\u017e prvotn\u00ed p\u0159\u00ed\u010dinou z\u00e1vady m\u016f\u017ee b\u00fdt pouze n\u011bkter\u00fd z nich. Vzhledem k cen\u011b za mnohdy zdlouhavou demont\u00e1\u017e a mont\u00e1\u017e se to v\u017edy vyplat\u00ed. Pokud by se nap\u0159\u00edklad volnob\u011b\u017eka v cen\u011b okolo 800 K\u010d nevym\u011bnila, n\u00e1sledn\u00e1 cena pr\u00e1ce po ujet\u00ed p\u00e1r set kilometr\u016f tyto n\u00e1klady t\u00e9m\u011b\u0159 v\u017edy p\u0159ev\u00fd\u0161\u00ed. M\u00e1me tu zku\u0161enost, \u017ee po v\u00fdm\u011bn\u011b lo\u017eisek a uhl\u00edk\u016f se zv\u011bt\u0161\u00ed i rychlost a s\u00edla start\u00e9ru a \u010d\u00e1ste\u010dn\u011b opot\u0159ebovan\u00e1 volnob\u011b\u017eka toto ji\u017e nevydr\u017e\u00ed a v brzk\u00e9 dob\u011b( p\u00e1r dn\u00ed a\u017e t\u00fddn\u016f) by se z\u00e1kazn\u00edk vracel s reklamac\u00ed a v tomto p\u0159\u00edpad\u011b neopr\u00e1vn\u011bnou. A to samoz\u0159ejm\u011b nen\u00ed v z\u00e1jmu \u017e\u00e1dn\u00e9ho mechanika ani toho nejotrlej\u0161\u00edho. Pro n\u00e1s je <strong>spokojen\u00fd z\u00e1kazn\u00edk<\/strong> v\u017edy d\u016fle\u017eit\u00fd.<\/p>\n\n\n\n<p>Dal\u0161\u00edm probl\u00e9mem a \u010d\u00edm d\u00e1l \u010dast\u011bj\u0161\u00ed jsou nekvalitn\u00ed d\u00edly \u010d\u00ednsk\u00e9 v\u00fdroby. Sice levn\u00e9 (nap\u0159. nov\u00fd start\u00e9r\u00a0z \u010c\u00edny je levn\u011bj\u0161\u00ed ne\u017e oprava origin\u00e1ln\u00edho d\u00edlu), ale ani do star\u00e9ho automobilu d\u016frazn\u011b nedoporu\u010duji. Op\u011btovn\u00e1 demont\u00e1\u017e, \u010dek\u00e1n\u00ed na vy\u0159\u00edzen\u00ed reklamace a zp\u011btn\u00e1 mont\u00e1\u017e z\u00e1kazn\u00edka m\u016f\u017ee st\u00e1t v\u00edce.<\/p>\n","protected":false},"excerpt":{"rendered":"<p>Start\u00e9r pova\u017eujeme za d\u016fle\u017eitou sou\u010d\u00e1st automobilu. Ji\u017e mnoho motorist\u016f probl\u00e9m se start\u00e9rem [&hellip;]<\/p>\n","protected":false},"author":1,"featured_media":0,"parent":0,"menu_order":0,"comment_status":"closed","ping_status":"closed","template":"","meta":{"footnotes":""},"class_list":["post-21","page","type-page","status-publish","hentry"],"_links":{"self":[{"href":"https:\/\/autoelektroholzknecht.cz\/index.php\/wp-json\/wp\/v2\/pages\/21","targetHints":{"allow":["GET"]}}],"collection":[{"href":"https:\/\/autoelektroholzknecht.cz\/index.php\/wp-json\/wp\/v2\/pages"}],"about":[{"href":"https:\/\/autoelektroholzknecht.cz\/index.php\/wp-json\/wp\/v2\/types\/page"}],"author":[{"embeddable":true,"href":"https:\/\/autoelektroholzknecht.cz\/index.php\/wp-json\/wp\/v2\/users\/1"}],"replies":[{"embeddable":true,"href":"https:\/\/autoelektroholzknecht.cz\/index.php\/wp-json\/wp\/v2\/comments?post=21"}],"version-history":[{"count":1,"href":"https:\/\/autoelektroholzknecht.cz\/index.php\/wp-json\/wp\/v2\/pages\/21\/revisions"}],"predecessor-version":[{"id":22,"href":"https:\/\/autoelektroholzknecht.cz\/index.php\/wp-json\/wp\/v2\/pages\/21\/revisions\/22"}],"wp:attachment":[{"href":"https:\/\/autoelektroholzknecht.cz\/index.php\/wp-json\/wp\/v2\/media?parent=21"}],"curies":[{"name":"wp","href":"https:\/\/api.w.org\/{rel}","templated":true}]}}