{"id":26,"date":"2023-01-03T22:01:43","date_gmt":"2023-01-03T21:01:43","guid":{"rendered":"https:\/\/autoelektroholzknecht.cz\/?page_id=26"},"modified":"2023-01-03T22:01:43","modified_gmt":"2023-01-03T21:01:43","slug":"opravy-alternatoru","status":"publish","type":"page","link":"https:\/\/autoelektroholzknecht.cz\/index.php\/opravy-alternatoru\/","title":{"rendered":"Opravy altern\u00e1tor\u016f"},"content":{"rendered":"\n<p>Altern\u00e1tor z\u00e1sobuje automobil elektrickou energi\u00ed a proto je pot\u0159eba mu v\u011bnovat n\u00e1le\u017eitou pozornost. V p\u0159\u00edpad\u011b, \u017ee nedob\u00edj\u00ed tak&nbsp;daleko nedojedete. Po vybit\u00ed akumul\u00e1toru pod ur\u010ditou mez, dojde k zastaven\u00ed motoru a n\u00e1sleduje n\u00e1kladn\u00fd odtah a nep\u0159\u00edjemnosti s t\u00edm spojen\u00e9.<\/p>\n\n\n\n<p>Mezi nej\u010dast\u011bji m\u011bn\u011bn\u00e9 d\u00edly pat\u0159\u00ed diodov\u00e9 m\u016fstky, regul\u00e1tory nap\u011b\u00edt a opot\u0159ebiteln\u00e9 d\u00edly, jako jsou lo\u017eiska, sn\u00edmac\u00ed krou\u017eky a v uhl\u00edky. U nov\u011bj\u0161\u00edch voz\u016f k tomu pat\u0159\u00ed i volnob\u011b\u017en\u00e9 \u0159emenice.<\/p>\n\n\n\n<p>V p\u0159\u00edpad\u011b opravy u n\u00e1s, altern\u00e1tor nejd\u0159\u00edve vyzkou\u0161\u00edme na zku\u0161ebn\u00ed stolici. Pak n\u00e1sleduje rozebr\u00e1n\u00ed, zji\u0161t\u011bn\u00ed z\u00e1vady, myt\u00ed a \u010di\u0161t\u011bn\u00ed, v\u00fdm\u011bna vadn\u00fdch d\u00edl\u016f, t\u00e9m\u011b\u0159 v\u017edy sn\u00edmac\u00edch krou\u017ek\u016f, lo\u017eisek a uhl\u00edk\u016f. U n\u00e1mi vytipovan\u00fdch altern\u00e1tor\u016f doporu\u010dujeme vym\u011bnit i diodov\u00fd m\u016fstek a regul\u00e1tor nap\u011bt\u00ed. A to i v p\u0159\u00edpad\u011b, \u017ee v dob\u011b opravy nevykazuj\u00ed z\u00e1vady. Pot\u00e9 je altern\u00e1tor zkompletov\u00e1n a testov\u00e1n pod z\u00e1t\u011b\u017e\u00ed na zku\u0161ebn\u00ed stolici.<\/p>\n","protected":false},"excerpt":{"rendered":"<p>Altern\u00e1tor z\u00e1sobuje automobil elektrickou energi\u00ed a proto je pot\u0159eba mu v\u011bnovat n\u00e1le\u017eitou [&hellip;]<\/p>\n","protected":false},"author":1,"featured_media":0,"parent":0,"menu_order":0,"comment_status":"closed","ping_status":"closed","template":"","meta":{"footnotes":""},"class_list":["post-26","page","type-page","status-publish","hentry"],"_links":{"self":[{"href":"https:\/\/autoelektroholzknecht.cz\/index.php\/wp-json\/wp\/v2\/pages\/26","targetHints":{"allow":["GET"]}}],"collection":[{"href":"https:\/\/autoelektroholzknecht.cz\/index.php\/wp-json\/wp\/v2\/pages"}],"about":[{"href":"https:\/\/autoelektroholzknecht.cz\/index.php\/wp-json\/wp\/v2\/types\/page"}],"author":[{"embeddable":true,"href":"https:\/\/autoelektroholzknecht.cz\/index.php\/wp-json\/wp\/v2\/users\/1"}],"replies":[{"embeddable":true,"href":"https:\/\/autoelektroholzknecht.cz\/index.php\/wp-json\/wp\/v2\/comments?post=26"}],"version-history":[{"count":1,"href":"https:\/\/autoelektroholzknecht.cz\/index.php\/wp-json\/wp\/v2\/pages\/26\/revisions"}],"predecessor-version":[{"id":27,"href":"https:\/\/autoelektroholzknecht.cz\/index.php\/wp-json\/wp\/v2\/pages\/26\/revisions\/27"}],"wp:attachment":[{"href":"https:\/\/autoelektroholzknecht.cz\/index.php\/wp-json\/wp\/v2\/media?parent=26"}],"curies":[{"name":"wp","href":"https:\/\/api.w.org\/{rel}","templated":true}]}}