{"id":39,"date":"2023-01-03T22:07:22","date_gmt":"2023-01-03T21:07:22","guid":{"rendered":"https:\/\/autoelektroholzknecht.cz\/?page_id=39"},"modified":"2026-03-16T12:35:08","modified_gmt":"2026-03-16T11:35:08","slug":"cenik","status":"publish","type":"page","link":"https:\/\/autoelektroholzknecht.cz\/index.php\/cenik\/","title":{"rendered":"Cen\u00edk"},"content":{"rendered":"<div class=\"wp-block-image\">\n<figure class=\"aligncenter size-full\"><img loading=\"lazy\" decoding=\"async\" width=\"300\" height=\"225\" src=\"https:\/\/autoelektroholzknecht.cz\/wp-content\/uploads\/2023\/01\/cenik.jpg\" alt=\"\" class=\"wp-image-40\"\/><\/figure><\/div>\n\n\n<p><strong>Hodinov\u00e1 sazba: 980 K\u010d v\u010detn\u011b DPH<\/strong><\/p>\n\n\n\n<p><strong>Cena mont\u00e1\u017e\u00ed: smluvn\u00ed<\/strong><\/p>\n","protected":false},"excerpt":{"rendered":"<p>Hodinov\u00e1 sazba: 980 K\u010d v\u010detn\u011b DPH Cena mont\u00e1\u017e\u00ed: smluvn\u00ed<\/p>\n","protected":false},"author":1,"featured_media":0,"parent":0,"menu_order":0,"comment_status":"closed","ping_status":"closed","template":"","meta":{"footnotes":""},"class_list":["post-39","page","type-page","status-publish","hentry"],"_links":{"self":[{"href":"https:\/\/autoelektroholzknecht.cz\/index.php\/wp-json\/wp\/v2\/pages\/39","targetHints":{"allow":["GET"]}}],"collection":[{"href":"https:\/\/autoelektroholzknecht.cz\/index.php\/wp-json\/wp\/v2\/pages"}],"about":[{"href":"https:\/\/autoelektroholzknecht.cz\/index.php\/wp-json\/wp\/v2\/types\/page"}],"author":[{"embeddable":true,"href":"https:\/\/autoelektroholzknecht.cz\/index.php\/wp-json\/wp\/v2\/users\/1"}],"replies":[{"embeddable":true,"href":"https:\/\/autoelektroholzknecht.cz\/index.php\/wp-json\/wp\/v2\/comments?post=39"}],"version-history":[{"count":4,"href":"https:\/\/autoelektroholzknecht.cz\/index.php\/wp-json\/wp\/v2\/pages\/39\/revisions"}],"predecessor-version":[{"id":142,"href":"https:\/\/autoelektroholzknecht.cz\/index.php\/wp-json\/wp\/v2\/pages\/39\/revisions\/142"}],"wp:attachment":[{"href":"https:\/\/autoelektroholzknecht.cz\/index.php\/wp-json\/wp\/v2\/media?parent=39"}],"curies":[{"name":"wp","href":"https:\/\/api.w.org\/{rel}","templated":true}]}}